{"id":1769,"date":"2024-03-24T04:37:14","date_gmt":"2024-03-24T04:37:14","guid":{"rendered":"https:\/\/coach-bibaldi.com\/?post_type=product&#038;p=1769"},"modified":"2024-03-24T04:56:26","modified_gmt":"2024-03-24T04:56:26","slug":"programa-de-coaching-corporativo","status":"publish","type":"product","link":"https:\/\/coach-bibaldi.com\/fr\/produit\/programa-de-coaching-corporativo\/","title":{"rendered":"Programme de coaching d'entreprise"},"content":{"rendered":"<p>Renforcez votre \u00e9quipe et optimisez les performances de votre entreprise avec notre Programme de Coaching d'Entreprise. Notre m\u00e9thodologie personnalis\u00e9e et bas\u00e9e sur des preuves aide \u00e0 cultiver un environnement de travail positif, favorisant la croissance professionnelle et l'excellence commerciale. Du d\u00e9veloppement des comp\u00e9tences en leadership \u00e0 la gestion efficace du changement organisationnel, notre \u00e9quipe de coachs experts vous guidera sur le chemin du succ\u00e8s. D\u00e9couvrez comment nous pouvons transformer votre organisation et la mener vers le prochain niveau.<\/p>","protected":false},"excerpt":{"rendered":"<p>Renforcez votre \u00e9quipe et optimisez les performances de votre entreprise avec notre Programme de Coaching d'Entreprise. Notre m\u00e9thodologie personnalis\u00e9e et bas\u00e9e sur des preuves aide \u00e0 cultiver un environnement de travail positif, favorisant la croissance professionnelle et l'excellence commerciale. Du d\u00e9veloppement des comp\u00e9tences en leadership \u00e0 la gestion efficace du changement organisationnel, notre \u00e9quipe de coachs experts vous guidera sur le chemin du succ\u00e8s. D\u00e9couvrez comment nous pouvons transformer votre organisation et la mener vers le prochain niveau.<\/p>","protected":false},"featured_media":1770,"comment_status":"open","ping_status":"closed","template":"","meta":{"_et_pb_use_builder":"","_et_pb_old_content":"","_et_gb_content_width":"","om_disable_all_campaigns":false,"_monsterinsights_skip_tracking":false,"_monsterinsights_sitenote_active":false,"_monsterinsights_sitenote_note":"","_monsterinsights_sitenote_category":0,"_uf_show_specific_survey":0,"_uf_disable_surveys":false,"_price":"107","_stock":"","_tribe_ticket_header":"","_tribe_default_ticket_provider":"","_tribe_ticket_capacity":"0","_ticket_start_date":"","_ticket_end_date":"","_tribe_ticket_show_description":"","_tribe_ticket_show_not_going":false,"_tribe_ticket_use_global_stock":"","_tribe_ticket_global_stock_level":"","_global_stock_mode":"","_global_stock_cap":"","_tribe_rsvp_for_event":"","_tribe_ticket_going_count":"","_tribe_ticket_not_going_count":"","_tribe_tickets_list":"[]","_tribe_ticket_has_attendee_info_fields":false},"product_cat":[29],"product_tag":[],"jetpack_sharing_enabled":true,"_links":{"self":[{"href":"https:\/\/coach-bibaldi.com\/fr\/wp-json\/wp\/v2\/product\/1769"}],"collection":[{"href":"https:\/\/coach-bibaldi.com\/fr\/wp-json\/wp\/v2\/product"}],"about":[{"href":"https:\/\/coach-bibaldi.com\/fr\/wp-json\/wp\/v2\/types\/product"}],"replies":[{"embeddable":true,"href":"https:\/\/coach-bibaldi.com\/fr\/wp-json\/wp\/v2\/comments?post=1769"}],"wp:featuredmedia":[{"embeddable":true,"href":"https:\/\/coach-bibaldi.com\/fr\/wp-json\/wp\/v2\/media\/1770"}],"wp:attachment":[{"href":"https:\/\/coach-bibaldi.com\/fr\/wp-json\/wp\/v2\/media?parent=1769"}],"wp:term":[{"taxonomy":"product_cat","embeddable":true,"href":"https:\/\/coach-bibaldi.com\/fr\/wp-json\/wp\/v2\/product_cat?post=1769"},{"taxonomy":"product_tag","embeddable":true,"href":"https:\/\/coach-bibaldi.com\/fr\/wp-json\/wp\/v2\/product_tag?post=1769"}],"curies":[{"name":"wp","href":"https:\/\/api.w.org\/{rel}","templated":true}]}}