{"id":1769,"date":"2024-03-24T04:37:14","date_gmt":"2024-03-24T04:37:14","guid":{"rendered":"https:\/\/coach-bibaldi.com\/?post_type=product&#038;p=1769"},"modified":"2024-03-24T04:56:26","modified_gmt":"2024-03-24T04:56:26","slug":"programa-de-coaching-corporativo","status":"publish","type":"product","link":"https:\/\/coach-bibaldi.com\/es\/producto\/programa-de-coaching-corporativo\/","title":{"rendered":"Programa De Coaching Corporativo"},"content":{"rendered":"<p>Empodera a tu equipo y optimiza el rendimiento de tu empresa con nuestro Programa de Coaching Corporativo. Nuestra metodolog\u00eda personalizada y basada en evidencia ayuda a cultivar un entorno de trabajo positivo, impulsando el crecimiento profesional y la excelencia empresarial. Desde el desarrollo de habilidades de liderazgo hasta la gesti\u00f3n eficaz del cambio organizacional, nuestro equipo de coaches expertos te guiar\u00e1 en el camino hacia el \u00e9xito. Descubre c\u00f3mo podemos transformar tu organizaci\u00f3n y llevarla al siguiente nivel.<\/p>\n","protected":false},"excerpt":{"rendered":"<p>Empodera a tu equipo y optimiza el rendimiento de tu empresa con nuestro Programa de Coaching Corporativo. Nuestra metodolog\u00eda personalizada y basada en evidencia ayuda a cultivar un entorno de trabajo positivo, impulsando el crecimiento profesional y la excelencia empresarial. Desde el desarrollo de habilidades de liderazgo hasta la gesti\u00f3n eficaz del cambio organizacional, nuestro equipo de coaches expertos te guiar\u00e1 en el camino hacia el \u00e9xito. Descubre c\u00f3mo podemos transformar tu organizaci\u00f3n y llevarla al siguiente nivel.<\/p>\n","protected":false},"featured_media":1770,"comment_status":"open","ping_status":"closed","template":"","meta":{"_et_pb_use_builder":"","_et_pb_old_content":"","_et_gb_content_width":"","om_disable_all_campaigns":false,"_monsterinsights_skip_tracking":false,"_monsterinsights_sitenote_active":false,"_monsterinsights_sitenote_note":"","_monsterinsights_sitenote_category":0,"_uf_show_specific_survey":0,"_uf_disable_surveys":false,"_price":"107","_stock":"","_tribe_ticket_header":"","_tribe_default_ticket_provider":"","_tribe_ticket_capacity":"0","_ticket_start_date":"","_ticket_end_date":"","_tribe_ticket_show_description":"","_tribe_ticket_show_not_going":false,"_tribe_ticket_use_global_stock":"","_tribe_ticket_global_stock_level":"","_global_stock_mode":"","_global_stock_cap":"","_tribe_rsvp_for_event":"","_tribe_ticket_going_count":"","_tribe_ticket_not_going_count":"","_tribe_tickets_list":"[]","_tribe_ticket_has_attendee_info_fields":false},"product_cat":[29],"product_tag":[],"jetpack_sharing_enabled":true,"_links":{"self":[{"href":"https:\/\/coach-bibaldi.com\/es\/wp-json\/wp\/v2\/product\/1769"}],"collection":[{"href":"https:\/\/coach-bibaldi.com\/es\/wp-json\/wp\/v2\/product"}],"about":[{"href":"https:\/\/coach-bibaldi.com\/es\/wp-json\/wp\/v2\/types\/product"}],"replies":[{"embeddable":true,"href":"https:\/\/coach-bibaldi.com\/es\/wp-json\/wp\/v2\/comments?post=1769"}],"wp:featuredmedia":[{"embeddable":true,"href":"https:\/\/coach-bibaldi.com\/es\/wp-json\/wp\/v2\/media\/1770"}],"wp:attachment":[{"href":"https:\/\/coach-bibaldi.com\/es\/wp-json\/wp\/v2\/media?parent=1769"}],"wp:term":[{"taxonomy":"product_cat","embeddable":true,"href":"https:\/\/coach-bibaldi.com\/es\/wp-json\/wp\/v2\/product_cat?post=1769"},{"taxonomy":"product_tag","embeddable":true,"href":"https:\/\/coach-bibaldi.com\/es\/wp-json\/wp\/v2\/product_tag?post=1769"}],"curies":[{"name":"wp","href":"https:\/\/api.w.org\/{rel}","templated":true}]}}