{"id":965,"date":"2024-02-23T04:47:21","date_gmt":"2024-02-23T04:47:21","guid":{"rendered":"https:\/\/coach-bibaldi.com\/?page_id=965"},"modified":"2024-05-01T20:18:06","modified_gmt":"2024-05-01T20:18:06","slug":"casos-de-exitos","status":"publish","type":"page","link":"https:\/\/coach-bibaldi.com\/es\/casos-de-exitos\/","title":{"rendered":"Casos de \u00e9xitos"},"content":{"rendered":"<p>[et_pb_section fb_built=&#8221;1&#8243; admin_label=&#8221;Hero&#8221; _builder_version=&#8221;4.20.4&#8243; use_background_color_gradient=&#8221;on&#8221; background_color_gradient_direction=&#8221;91deg&#8221; background_color_gradient_stops=&#8221;gcid-0c8a0852-eac7-4d46-8031-12f17b50241a 78%|rgba(255,255,255,0) 100%&#8221; background_color_gradient_start=&#8221;rgba(240,242,246,0.5)&#8221; background_color_gradient_end=&#8221;rgba(255,255,255,0)&#8221; background_image=&#8221;https:\/\/coach-bibaldi.com\/wp-content\/uploads\/2024\/02\/business-coach-003.jpg&#8221; parallax=&#8221;on&#8221; custom_margin=&#8221;|||&#8221; custom_padding=&#8221;6vw|0px|6vw|0px|true|false&#8221; background_last_edited=&#8221;on|desktop&#8221; da_disable_devices=&#8221;off|off|off&#8221; global_colors_info=&#8221;{%22gcid-0c8a0852-eac7-4d46-8031-12f17b50241a%22:%91%22background_color_gradient_stops%22%93}&#8221; da_is_popup=&#8221;off&#8221; da_exit_intent=&#8221;off&#8221; da_has_close=&#8221;on&#8221; da_alt_close=&#8221;off&#8221; da_dark_close=&#8221;off&#8221; da_not_modal=&#8221;on&#8221; da_is_singular=&#8221;off&#8221; da_with_loader=&#8221;off&#8221; da_has_shadow=&#8221;on&#8221;][et_pb_row _builder_version=&#8221;4.20.4&#8243; global_colors_info=&#8221;{}&#8221;][et_pb_column type=&#8221;4_4&#8243; _builder_version=&#8221;4.16&#8243; background_color_gradient_direction=&#8221;270deg&#8221; background_color_gradient_start=&#8221;#ffffff&#8221; background_color_gradient_end=&#8221;rgba(255,255,255,0.8)&#8221; custom_padding=&#8221;|||&#8221; custom_padding_tablet=&#8221;|5%||5%||true&#8221; custom_padding_phone=&#8221;|7%||7%||true&#8221; global_colors_info=&#8221;{}&#8221; custom_padding__hover=&#8221;|||&#8221;][et_pb_text _builder_version=&#8221;4.20.4&#8243; text_font=&#8221;fUTURA||||||||&#8221; text_font_size=&#8221;18px&#8221; text_line_height=&#8221;1.8em&#8221; header_font=&#8221;Playfair Display|700|||||||&#8221; header_font_size=&#8221;70px&#8221; header_line_height=&#8221;1.5em&#8221; header_3_font=&#8221;Lato|700||on|||||&#8221; header_3_text_color=&#8221;#3550a0&#8243; header_3_font_size=&#8221;20px&#8221; header_3_line_height=&#8221;1.5em&#8221; custom_margin=&#8221;|||&#8221; header_font_size_tablet=&#8221;50px&#8221; header_font_size_phone=&#8221;32px&#8221; header_font_size_last_edited=&#8221;on|tablet&#8221; header_3_font_size_tablet=&#8221;50px&#8221; header_3_font_size_phone=&#8221;32px&#8221; header_3_font_size_last_edited=&#8221;off|desktop&#8221; locked=&#8221;off&#8221; inline_fonts=&#8221;fUTURA&#8221; global_colors_info=&#8221;{}&#8221;]<\/p>\n<h1><span style=\"color: #e8327c; font-family: fUTURA;\">Conoce nuestro casos de \u00e9xitos<\/span><\/h1>\n<p>[\/et_pb_text][et_pb_button button_url=&#8221;https:\/\/coach-bibaldi.com\/contacto\/&#8221; button_text=&#8221;Cont\u00e1ctanos&#8221; _builder_version=&#8221;4.20.4&#8243; custom_button=&#8221;on&#8221; button_text_size=&#8221;16px&#8221; button_text_color=&#8221;gcid-86e0e939-2c75-4117-936f-1ddaf39f4182&#8243; button_bg_color=&#8221;gcid-9bb88918-77d1-4df6-b619-054de1a13696&#8243; button_border_width=&#8221;10px&#8221; button_border_color=&#8221;rgba(210,159,104,0)&#8221; button_border_radius=&#8221;100px&#8221; button_font=&#8221;fUTURA|900|||||||&#8221; button_use_icon=&#8221;off&#8221; button_bg_color_hover=&#8221;#4159a0&#8243; locked=&#8221;off&#8221; global_colors_info=&#8221;{%22gcid-86e0e939-2c75-4117-936f-1ddaf39f4182%22:%91%22button_text_color%22%93,%22gcid-9bb88918-77d1-4df6-b619-054de1a13696%22:%91%22button_bg_color%22%93}&#8221; button_text_size__hover_enabled=&#8221;off&#8221; button_one_text_size__hover_enabled=&#8221;off&#8221; button_two_text_size__hover_enabled=&#8221;off&#8221; button_text_color__hover_enabled=&#8221;off&#8221; button_one_text_color__hover_enabled=&#8221;off&#8221; button_two_text_color__hover_enabled=&#8221;off&#8221; button_border_width__hover_enabled=&#8221;off&#8221; button_one_border_width__hover_enabled=&#8221;off&#8221; button_two_border_width__hover_enabled=&#8221;off&#8221; button_border_color__hover_enabled=&#8221;off&#8221; button_one_border_color__hover_enabled=&#8221;off&#8221; button_two_border_color__hover_enabled=&#8221;off&#8221; button_border_radius__hover_enabled=&#8221;off&#8221; button_one_border_radius__hover_enabled=&#8221;off&#8221; button_two_border_radius__hover_enabled=&#8221;off&#8221; button_letter_spacing__hover_enabled=&#8221;off&#8221; button_one_letter_spacing__hover_enabled=&#8221;off&#8221; button_two_letter_spacing__hover_enabled=&#8221;off&#8221; button_bg_color__hover_enabled=&#8221;on&#8221; button_bg_color__hover=&#8221;#4159a0&#8243; button_one_bg_color__hover_enabled=&#8221;off&#8221; button_two_bg_color__hover_enabled=&#8221;off&#8221;]<\/p>\n<h1>About Anthony<\/h1>\n<h3>Business CoacH<\/h3>\n<p>Lorem ipsum dolor sit amet, consectetur adipiscing elit, sed do eiusmod tempor incididunt ut labore et dolore magna aliqua. Ut enim ad minim veniam. Lorem ipsum dolor sit amet, cons<br \/>\n[\/et_pb_button][\/et_pb_column][\/et_pb_row][\/et_pb_section][et_pb_section fb_built=&#8221;1&#8243; _builder_version=&#8221;4.20.4&#8243; _module_preset=&#8221;default&#8221; custom_padding=&#8221;||11px|||&#8221; da_disable_devices=&#8221;off|off|off&#8221; global_colors_info=&#8221;{}&#8221; da_is_popup=&#8221;off&#8221; da_exit_intent=&#8221;off&#8221; da_has_close=&#8221;on&#8221; da_alt_close=&#8221;off&#8221; da_dark_close=&#8221;off&#8221; da_not_modal=&#8221;on&#8221; da_is_singular=&#8221;off&#8221; da_with_loader=&#8221;off&#8221; da_has_shadow=&#8221;on&#8221;][et_pb_row _builder_version=&#8221;4.20.4&#8243; _module_preset=&#8221;default&#8221; background_color=&#8221;gcid-c6909565-9e64-494c-bbe4-561187334a59&#8243; border_radii=&#8221;on|15px|15px|15px|15px&#8221; global_colors_info=&#8221;{%22gcid-c6909565-9e64-494c-bbe4-561187334a59%22:%91%22background_color%22%93}&#8221;][et_pb_column type=&#8221;4_4&#8243; _builder_version=&#8221;4.20.4&#8243; _module_preset=&#8221;default&#8221; global_colors_info=&#8221;{}&#8221;][et_pb_text _builder_version=&#8221;4.20.4&#8243; text_font=&#8221;||||||||&#8221; text_font_size=&#8221;18px&#8221; text_line_height=&#8221;1.8em&#8221; header_font=&#8221;Playfair Display|700|||||||&#8221; header_font_size=&#8221;70px&#8221; header_line_height=&#8221;1.5em&#8221; header_3_font=&#8221;Lato|700||on|||||&#8221; header_3_text_color=&#8221;#3550a0&#8243; header_3_font_size=&#8221;20px&#8221; header_3_line_height=&#8221;1.5em&#8221; custom_margin=&#8221;|||&#8221; header_font_size_tablet=&#8221;50px&#8221; header_font_size_phone=&#8221;32px&#8221; header_font_size_last_edited=&#8221;on|tablet&#8221; header_3_font_size_tablet=&#8221;50px&#8221; header_3_font_size_phone=&#8221;32px&#8221; header_3_font_size_last_edited=&#8221;off|desktop&#8221; locked=&#8221;off&#8221; global_colors_info=&#8221;{}&#8221;]<\/p>\n<h2 style=\"text-align: center;\"><strong><span style=\"font-size: xx-large; color: #ffffff;\">Personas que confiaron en m\u00ed<\/span><\/strong><\/h2>\n<p>[\/et_pb_text][et_pb_icon font_icon=&#8221;&#x3f;||divi||400&#8243; icon_color=&#8221;#FFFFFF&#8221; icon_width=&#8221;46px&#8221; _builder_version=&#8221;4.20.4&#8243; _module_preset=&#8221;default&#8221; background_enable_color=&#8221;off&#8221; global_colors_info=&#8221;{%22gcid-86e0e939-2c75-4117-936f-1ddaf39f4182%22:%91%22background_color%22%93}&#8221;][\/et_pb_icon][\/et_pb_column][\/et_pb_row][\/et_pb_section][et_pb_section fb_built=&#8221;1&#8243; admin_label=&#8221;Blog&#8221; _builder_version=&#8221;4.20.4&#8243; custom_padding=&#8221;0px|||||&#8221; hover_enabled=&#8221;0&#8243; da_disable_devices=&#8221;off|off|off&#8221; global_colors_info=&#8221;{}&#8221; sticky_enabled=&#8221;0&#8243; da_is_popup=&#8221;off&#8221; da_exit_intent=&#8221;off&#8221; da_has_close=&#8221;on&#8221; da_alt_close=&#8221;off&#8221; da_dark_close=&#8221;off&#8221; da_not_modal=&#8221;on&#8221; da_is_singular=&#8221;off&#8221; da_with_loader=&#8221;off&#8221; da_has_shadow=&#8221;on&#8221;][et_pb_row _builder_version=&#8221;4.16&#8243; global_colors_info=&#8221;{}&#8221;][et_pb_column type=&#8221;4_4&#8243; _builder_version=&#8221;4.16&#8243; custom_padding=&#8221;|||&#8221; global_colors_info=&#8221;{}&#8221; custom_padding__hover=&#8221;|||&#8221;][et_pb_testimonial author=&#8221;Anny Hern\u00e1ndez&#8221; company_name=&#8221;Valledupar Colombia&#8221; portrait_url=&#8221;https:\/\/coach-bibaldi.com\/wp-content\/uploads\/2024\/01\/Anny-Hernandez.png&#8221; _builder_version=&#8221;4.20.4&#8243; _module_preset=&#8221;default&#8221; body_text_color=&#8221;#000000&#8243; author_text_color=&#8221;#E8327C&#8221; company_text_color=&#8221;gcid-fced0692-7f88-420a-b3eb-de7d014c9c84&#8243; background_color=&#8221;gcid-86e0e939-2c75-4117-936f-1ddaf39f4182&#8243; global_colors_info=&#8221;{%22gcid-86e0e939-2c75-4117-936f-1ddaf39f4182%22:%91%22background_color%22%93,%22gcid-fced0692-7f88-420a-b3eb-de7d014c9c84%22:%91%22company_text_color%22%93}&#8221;]<\/p>\n<p>El motivo de usar los servicios de Coach Bibaldi fue que estaba buscando un cambio en mi vida porque me sent\u00eda estancada. El resultado obtenido ha sido genial y duradero con el programa identifique y cambie muchas creencias limitantes que ten\u00eda, aprend\u00ed a conocerme mejor estar m\u00e1s en paz, feliz y que todo fluyera de una mejor manera.<\/p>\n<p>[\/et_pb_testimonial][et_pb_testimonial author=&#8221;Jimmy Barco Burgos&#8221; company_name=&#8221;Qu\u00e9bec Canad\u00e1&#8221; portrait_url=&#8221;https:\/\/coach-bibaldi.com\/wp-content\/uploads\/2024\/02\/Jimmy-Barco-Burgos.png&#8221; _builder_version=&#8221;4.20.4&#8243; _module_preset=&#8221;default&#8221; body_text_color=&#8221;#000000&#8243; author_text_color=&#8221;#E8327C&#8221; company_text_color=&#8221;gcid-fced0692-7f88-420a-b3eb-de7d014c9c84&#8243; background_color=&#8221;gcid-86e0e939-2c75-4117-936f-1ddaf39f4182&#8243; global_colors_info=&#8221;{%22gcid-86e0e939-2c75-4117-936f-1ddaf39f4182%22:%91%22background_color%22%93,%22gcid-fced0692-7f88-420a-b3eb-de7d014c9c84%22:%91%22company_text_color%22%93}&#8221;]<\/p>\n<p>Este p\u00e1rrafo es un tributo a tu inquebrantable esp\u00edritu y tu viaje hacia el crecimiento personal. Me abriste el mundo de la lectura, ense\u00f1\u00e1ndome su poder transformador. Espero que te inspire y acompa\u00f1e en este camino del alma.<\/p>\n<p>Gracias primo.<\/p>\n<p>[\/et_pb_testimonial][et_pb_testimonial author=&#8221;Ana V\u00e1squez&#8221; company_name=&#8221;Qu\u00e9bec Canad\u00e1&#8221; portrait_url=&#8221;https:\/\/coach-bibaldi.com\/wp-content\/uploads\/2024\/01\/Ana-Vasquez.png&#8221; _builder_version=&#8221;4.20.4&#8243; _module_preset=&#8221;default&#8221; body_text_color=&#8221;#000000&#8243; author_text_color=&#8221;#E8327C&#8221; company_text_color=&#8221;gcid-fced0692-7f88-420a-b3eb-de7d014c9c84&#8243; background_color=&#8221;gcid-86e0e939-2c75-4117-936f-1ddaf39f4182&#8243; global_colors_info=&#8221;{%22gcid-86e0e939-2c75-4117-936f-1ddaf39f4182%22:%91%22background_color%22%93,%22gcid-fced0692-7f88-420a-b3eb-de7d014c9c84%22:%91%22company_text_color%22%93}&#8221;]<\/p>\n<p>La raz\u00f3n por la que acud\u00ed a los servicios de Coach- Bibaldi fue por vencer el miedo a conducir un auto. Mi resultado ha sido exitoso, pude vencer el miedo a conducir, ahora tengo mi licencia, lo que me hace muy feliz. soy independiente, puedo pasear con mis ni\u00f1os, ir donde desee, es un sentimiento liberador.<\/p>\n<p>[\/et_pb_testimonial][et_pb_testimonial author=&#8221;John Narv\u00e1ez&#8221; company_name=&#8221;St. Hubert, Quebec&#8221; portrait_url=&#8221;https:\/\/coach-bibaldi.com\/wp-content\/uploads\/2024\/02\/John-Narvaez.jpeg&#8221; _builder_version=&#8221;4.20.4&#8243; _module_preset=&#8221;default&#8221; body_text_color=&#8221;#000000&#8243; author_text_color=&#8221;#E8327C&#8221; company_text_color=&#8221;gcid-fced0692-7f88-420a-b3eb-de7d014c9c84&#8243; background_color=&#8221;gcid-86e0e939-2c75-4117-936f-1ddaf39f4182&#8243; global_colors_info=&#8221;{%22gcid-86e0e939-2c75-4117-936f-1ddaf39f4182%22:%91%22background_color%22%93,%22gcid-fced0692-7f88-420a-b3eb-de7d014c9c84%22:%91%22company_text_color%22%93}&#8221;]<\/p>\n<p>Decid\u00ed usar los servicios de Coach Bibaldi por la confianza que inspira su pasi\u00f3n por ayudar a los dem\u00e1s a alcanzar su potencial y por su dinamismo y dedicaci\u00f3n por hacerte comprender la necesidad de desarrollar tu capacidad de cambio Luego de un ciclo completo de coaching he generado un grado de conciencia mayor de mis fortalezas, debilidades y oportunidades de crecimiento personal. He aprendido estrategias para abordar situaciones complejas de una manera m\u00e1s positiva, fortaleciendo al mismo tiempo mi resiliencia y mi empat\u00eda por los dem\u00e1s. Coach Bibaldi puede identificar \u00e1reas claves de desarrollo y personalizar la experiencia de coaching para lograr resultados m\u00e1s alineados con tus necesidades. Tambi\u00e9n maneja m\u00faltiples enfoques para abordar el coaching basado en investigaci\u00f3n cient\u00edfica, neurociencia y en la sabidur\u00eda ancestral de diferentes culturas. Su enfoque cercano, din\u00e1mico y emp\u00e1tico hace que cada sesi\u00f3n sea un viaje certero hacia el descubrimiento de uno mismo para potencializar nuestra capacidad para vivir una vida m\u00e1s plena.<\/p>\n<p>[\/et_pb_testimonial][et_pb_testimonial author=&#8221;Margarita Castro S\u00e1enz&#8221; company_name=&#8221;Lemoyne Canad\u00e1&#8221; portrait_url=&#8221;https:\/\/coach-bibaldi.com\/wp-content\/uploads\/2024\/05\/Margarita.jpg&#8221; _builder_version=&#8221;4.20.4&#8243; _module_preset=&#8221;default&#8221; body_text_color=&#8221;#000000&#8243; author_text_color=&#8221;#E8327C&#8221; company_text_color=&#8221;gcid-fced0692-7f88-420a-b3eb-de7d014c9c84&#8243; background_color=&#8221;gcid-86e0e939-2c75-4117-936f-1ddaf39f4182&#8243; global_colors_info=&#8221;{%22gcid-86e0e939-2c75-4117-936f-1ddaf39f4182%22:%91%22background_color%22%93,%22gcid-fced0692-7f88-420a-b3eb-de7d014c9c84%22:%91%22company_text_color%22%93}&#8221; title_text=&#8221;Margarita&#8221;]<\/p>\n<p>Gracias a las t\u00e9cnicas de PNL, Coaching estrat\u00e9gico y C\u00f3dica con Coach-BIBALDI estoy transformando mi vida, a ver, sentir e interpretar lo que sucede a mi alrededor de una manera m\u00e1s eficiente.<\/p>\n<p>Hoy en d\u00eda soy consciente que la decisi\u00f3n de ser feliz la tengo solo yo.<\/p>\n<p>He vivido desaf\u00edos, he cometido errores y soy 100% responsable de ello y los asumo, sacando lo aprendido para mi propio bienestar.<\/p>\n<p>He aprendido estando en la cima de la monta\u00f1a, pero he aprendido mucho m\u00e1s estando debajo de ella y cuando los nubarrones aparecen para empa\u00f1ar este proceso el m\u00e9todo el arte de transformar tu vida me han ayudado a elevar mi conciencia.<\/p>\n<p>La constancia ha sido mi clave para crear los h\u00e1bitos que me han permitido avanzar, insistir, resistir y persistir para alcanzar lo anhelado.<\/p>\n<p>Estoy feliz porque ahora me elijo como mi proyecto de vida. Estoy agradecida con la vida, con Dios y con Coach-BIBALDI por esta nueva yo.<\/p>\n<p>[\/et_pb_testimonial][et_pb_testimonial author=&#8221;Carolina Prisco V\u00e1squez&#8221; company_name=&#8221;Medellin Colombia&#8221; portrait_url=&#8221;https:\/\/coach-bibaldi.com\/wp-content\/uploads\/2024\/01\/Carolina-Prisco.png&#8221; _builder_version=&#8221;4.20.4&#8243; _module_preset=&#8221;default&#8221; body_text_color=&#8221;#000000&#8243; author_text_color=&#8221;#E8327C&#8221; company_text_color=&#8221;gcid-fced0692-7f88-420a-b3eb-de7d014c9c84&#8243; background_color=&#8221;gcid-86e0e939-2c75-4117-936f-1ddaf39f4182&#8243; global_colors_info=&#8221;{%22gcid-86e0e939-2c75-4117-936f-1ddaf39f4182%22:%91%22background_color%22%93,%22gcid-fced0692-7f88-420a-b3eb-de7d014c9c84%22:%91%22company_text_color%22%93}&#8221;]<\/p>\n<p>Cuando decid\u00ed ser parte del programa de desarrollo personal \u201cEl Milagro est\u00e1 dentro de ti\u201d quer\u00eda renovar mis creencias, eliminar creencias limitantes que me estaban impidiendo crecer en muchas \u00e1reas de mi vida y crear h\u00e1bitos m\u00e1s saludables. Despu\u00e9s de vivir el proceso pude conocerme m\u00e1s a m\u00ed misma, creer m\u00e1s en m\u00ed y en mis capacidades y habilidades, mejorar mis relaciones interpersonales y familiares.puedo pasear con mis ni\u00f1os, ir donde desee, es un sentimiento liberador.<\/p>\n<p>[\/et_pb_testimonial][\/et_pb_column][\/et_pb_row][\/et_pb_section][et_pb_section fb_built=&#8221;1&#8243; padding_2_tablet=&#8221;60px|50px|60px|50px|true|true&#8221; admin_label=&#8221;Footer&#8221; _builder_version=&#8221;4.20.4&#8243; background_color=&#8221;gcid-9bb88918-77d1-4df6-b619-054de1a13696&#8243; da_disable_devices=&#8221;off|off|off&#8221; saved_tabs=&#8221;all&#8221; global_colors_info=&#8221;{%22gcid-9bb88918-77d1-4df6-b619-054de1a13696%22:%91%22background_color%22%93}&#8221; da_is_popup=&#8221;off&#8221; da_exit_intent=&#8221;off&#8221; da_has_close=&#8221;on&#8221; da_alt_close=&#8221;off&#8221; da_dark_close=&#8221;off&#8221; da_not_modal=&#8221;on&#8221; da_is_singular=&#8221;off&#8221; da_with_loader=&#8221;off&#8221; da_has_shadow=&#8221;on&#8221;][et_pb_row column_structure=&#8221;1_2,1_2&#8243; _builder_version=&#8221;4.16&#8243; global_colors_info=&#8221;{}&#8221;][et_pb_column type=&#8221;1_2&#8243; _builder_version=&#8221;4.16&#8243; custom_padding=&#8221;|||&#8221; global_colors_info=&#8221;{}&#8221; custom_padding__hover=&#8221;|||&#8221;][et_pb_signup mailchimp_list=&#8221;SlavaET|42d4a98af1&#8243; layout=&#8221;top_bottom&#8221; first_name_field=&#8221;off&#8221; last_name_field=&#8221;off&#8221; title=&#8221;\u00danase a mi bolet\u00edn de coaching&#8221; description=&#8221;<\/p>\n<p><span>Suscr\u00edbase para recibir noticias y recursos sobre c\u00f3mo ampliar su negocio<\/span><\/p>\n<p>&#8221; _builder_version=&#8221;4.20.4&#8243; form_field_background_color=&#8221;#f0f2f6&#8243; header_level=&#8221;h4&#8243; header_font=&#8221;Lato|700|||||||&#8221; header_text_color=&#8221;#FFFFFF&#8221; header_font_size=&#8221;24px&#8221; header_line_height=&#8221;1.5em&#8221; body_font=&#8221;||||||||&#8221; body_text_color=&#8221;#FFFFFF&#8221; body_font_size=&#8221;16px&#8221; body_line_height=&#8221;1.9em&#8221; form_field_font=&#8221;fUTURA|700|||||||&#8221; form_field_line_height=&#8221;1.5em&#8221; use_background_color=&#8221;off&#8221; custom_button=&#8221;on&#8221; button_text_size=&#8221;16px&#8221; button_text_color=&#8221;#ffffff&#8221; button_bg_color=&#8221;#E8327C&#8221; button_border_width=&#8221;10px&#8221; button_border_color=&#8221;rgba(210,159,104,0)&#8221; button_border_radius=&#8221;100px&#8221; button_font=&#8221;Lato|900|||||||&#8221; button_use_icon=&#8221;off&#8221; background_layout=&#8221;light&#8221; header_font_size_tablet=&#8221;&#8221; header_font_size_phone=&#8221;20px&#8221; header_font_size_last_edited=&#8221;on|phone&#8221; border_radii_fields=&#8221;on|36px|36px|36px|36px&#8221; button_bg_color_hover=&#8221;#4159a0&#8243; locked=&#8221;off&#8221; global_colors_info=&#8221;{}&#8221; button_text_size__hover_enabled=&#8221;off&#8221; button_one_text_size__hover_enabled=&#8221;off&#8221; button_two_text_size__hover_enabled=&#8221;off&#8221; button_text_color__hover_enabled=&#8221;off&#8221; button_one_text_color__hover_enabled=&#8221;off&#8221; button_two_text_color__hover_enabled=&#8221;off&#8221; button_border_width__hover_enabled=&#8221;off&#8221; button_one_border_width__hover_enabled=&#8221;off&#8221; button_two_border_width__hover_enabled=&#8221;off&#8221; button_border_color__hover_enabled=&#8221;off&#8221; button_one_border_color__hover_enabled=&#8221;off&#8221; button_two_border_color__hover_enabled=&#8221;off&#8221; button_border_radius__hover_enabled=&#8221;off&#8221; button_one_border_radius__hover_enabled=&#8221;off&#8221; button_two_border_radius__hover_enabled=&#8221;off&#8221; button_letter_spacing__hover_enabled=&#8221;off&#8221; button_one_letter_spacing__hover_enabled=&#8221;off&#8221; button_two_letter_spacing__hover_enabled=&#8221;off&#8221; button_bg_color__hover_enabled=&#8221;on&#8221; button_bg_color__hover=&#8221;#4159a0&#8243; button_one_bg_color__hover_enabled=&#8221;off&#8221; button_two_bg_color__hover_enabled=&#8221;off&#8221;][\/et_pb_signup][\/et_pb_column][et_pb_column type=&#8221;1_2&#8243; _builder_version=&#8221;4.16&#8243; custom_padding=&#8221;|||&#8221; global_colors_info=&#8221;{}&#8221; custom_padding__hover=&#8221;|||&#8221;][\/et_pb_column][\/et_pb_row][\/et_pb_section]<\/p>\n","protected":false},"excerpt":{"rendered":"<p>Conoce nuestro casos de \u00e9xitosAbout Anthony Business CoacH Lorem ipsum dolor sit amet, consectetur adipiscing elit, sed do eiusmod tempor incididunt ut labore et dolore magna aliqua. Ut enim ad [&hellip;]<\/p>\n","protected":false},"author":1,"featured_media":0,"parent":0,"menu_order":0,"comment_status":"closed","ping_status":"closed","template":"","meta":{"_et_pb_use_builder":"on","_et_pb_old_content":"","_et_gb_content_width":"","om_disable_all_campaigns":false,"_monsterinsights_skip_tracking":false,"_monsterinsights_sitenote_active":false,"_monsterinsights_sitenote_note":"","_monsterinsights_sitenote_category":0,"_uf_show_specific_survey":0,"_uf_disable_surveys":false,"_price":"","_stock":"","_tribe_ticket_header":"","_tribe_default_ticket_provider":"","_tribe_ticket_capacity":"0","_ticket_start_date":"","_ticket_end_date":"","_tribe_ticket_show_description":"","_tribe_ticket_show_not_going":false,"_tribe_ticket_use_global_stock":"","_tribe_ticket_global_stock_level":"","_global_stock_mode":"","_global_stock_cap":"","_tribe_rsvp_for_event":"","_tribe_ticket_going_count":"","_tribe_ticket_not_going_count":"","_tribe_tickets_list":"[]","_tribe_ticket_has_attendee_info_fields":false,"footnotes":""},"jetpack_sharing_enabled":true,"ticketed":false,"_links":{"self":[{"href":"https:\/\/coach-bibaldi.com\/es\/wp-json\/wp\/v2\/pages\/965"}],"collection":[{"href":"https:\/\/coach-bibaldi.com\/es\/wp-json\/wp\/v2\/pages"}],"about":[{"href":"https:\/\/coach-bibaldi.com\/es\/wp-json\/wp\/v2\/types\/page"}],"author":[{"embeddable":true,"href":"https:\/\/coach-bibaldi.com\/es\/wp-json\/wp\/v2\/users\/1"}],"replies":[{"embeddable":true,"href":"https:\/\/coach-bibaldi.com\/es\/wp-json\/wp\/v2\/comments?post=965"}],"version-history":[{"count":21,"href":"https:\/\/coach-bibaldi.com\/es\/wp-json\/wp\/v2\/pages\/965\/revisions"}],"predecessor-version":[{"id":1891,"href":"https:\/\/coach-bibaldi.com\/es\/wp-json\/wp\/v2\/pages\/965\/revisions\/1891"}],"wp:attachment":[{"href":"https:\/\/coach-bibaldi.com\/es\/wp-json\/wp\/v2\/media?parent=965"}],"curies":[{"name":"wp","href":"https:\/\/api.w.org\/{rel}","templated":true}]}}